{"id":11,"date":"2018-10-02T17:37:58","date_gmt":"2018-10-02T17:37:58","guid":{"rendered":"http:\/\/medna.de\/?page_id=11"},"modified":"2022-08-22T15:32:13","modified_gmt":"2022-08-22T15:32:13","slug":"impressum","status":"publish","type":"page","link":"https:\/\/medna.de\/?page_id=11","title":{"rendered":"Impressum"},"content":{"rendered":"\n<p>Verantwortlich f\u00fcr den Inhalt dieser Webpr\u00e4senz ist:<\/p>\n\n\n\n<p>Praxis f\u00fcr nat\u00fcrliche Medizin&nbsp;<br>Tanja Ohland, \u00c4rztin<br>Bahnhofsweg 14<br>37284 Waldkappel (OT Bischhausen)<br><br>Tel: 05658 9227199<br><\/p>\n\n\n\n<p>E-mail: praxis(\u00e4t)medna.de<br><br><br>Berufsbezeichnung:<br>\u00c4rztin<\/p>\n\n\n\n<p>Zust\u00e4ndige \u00c4rztekammer:<br>Ich bin Mitglied der \u00c4rztekammer Hessen. Auf den<br>Internetseiten der \u00c4rztekammer Hessen sind die berufsrechtlichen<br>Regelungen (Berufsordnung) zug\u00e4nglich (\u00c4rztekammer Hessen).<\/p>\n\n\n\n<p>Haftungshinweis:<br>Trotz sorgf\u00e4ltiger inhaltlicher Kontrolle \u00fcbernehmen wir keine Haftung<br>f\u00fcr die Inhalte externer Links. F\u00fcr den Inhalt der verlinkten<br>Seiten sind ausschlie\u00dflich deren Betreiber verantwortlich.<\/p>\n\n\n\n<p>Wichtige Information:<br>Viele hier vorgestellten Diagnose- und<br>Behandlungsmethoden sind Verfahren der naturheilkundlichen<br>Erfahrungsmedizin, die nicht zu den allgemein anerkannten Methoden im<br>Sinne einer Anerkennung durch die Schulmedizin geh\u00f6ren. Alle<br>getroffenen Aussagen \u00fcber Eigenschaften und Wirkungen sowie<br>Indikationen der vorgestellten Verfahren beruhen auf den<br>Erkenntnissen und Erfahrungswerten in der jeweiligen Therapierichtung<br>selbst, die von der herrschenden Schulmedizin nicht geteilt werden.<\/p>\n\n\n\n<p>Bildnachweis:<br>Startseite: Ulla Thomas &nbsp;\/ pixelio.de <\/p>\n","protected":false},"excerpt":{"rendered":"<p>Verantwortlich f\u00fcr den Inhalt dieser Webpr\u00e4senz ist: Praxis f\u00fcr nat\u00fcrliche Medizin&nbsp;Tanja Ohland, \u00c4rztinBahnhofsweg 1437284 Waldkappel (OT Bischhausen) Tel: 05658 9227199 E-mail: praxis(\u00e4t)medna.de Berufsbezeichnung:\u00c4rztin Zust\u00e4ndige \u00c4rztekammer:Ich bin Mitglied der \u00c4rztekammer Hessen. Auf denInternetseiten der \u00c4rztekammer Hessen sind die berufsrechtlichenRegelungen (Berufsordnung) zug\u00e4nglich (\u00c4rztekammer Hessen). Haftungshinweis:Trotz sorgf\u00e4ltiger inhaltlicher Kontrolle \u00fcbernehmen wir keine Haftungf\u00fcr die Inhalte externer Links. F\u00fcr [&hellip;]<\/p>\n","protected":false},"author":1,"featured_media":0,"parent":0,"menu_order":0,"comment_status":"closed","ping_status":"closed","template":"full-width-page-template.php","meta":{"footnotes":""},"class_list":["post-11","page","type-page","status-publish","hentry"],"_links":{"self":[{"href":"https:\/\/medna.de\/index.php?rest_route=\/wp\/v2\/pages\/11","targetHints":{"allow":["GET"]}}],"collection":[{"href":"https:\/\/medna.de\/index.php?rest_route=\/wp\/v2\/pages"}],"about":[{"href":"https:\/\/medna.de\/index.php?rest_route=\/wp\/v2\/types\/page"}],"author":[{"embeddable":true,"href":"https:\/\/medna.de\/index.php?rest_route=\/wp\/v2\/users\/1"}],"replies":[{"embeddable":true,"href":"https:\/\/medna.de\/index.php?rest_route=%2Fwp%2Fv2%2Fcomments&post=11"}],"version-history":[{"count":10,"href":"https:\/\/medna.de\/index.php?rest_route=\/wp\/v2\/pages\/11\/revisions"}],"predecessor-version":[{"id":277,"href":"https:\/\/medna.de\/index.php?rest_route=\/wp\/v2\/pages\/11\/revisions\/277"}],"wp:attachment":[{"href":"https:\/\/medna.de\/index.php?rest_route=%2Fwp%2Fv2%2Fmedia&parent=11"}],"curies":[{"name":"wp","href":"https:\/\/api.w.org\/{rel}","templated":true}]}}