{"id":12,"date":"2018-10-02T17:37:58","date_gmt":"2018-10-02T17:37:58","guid":{"rendered":"http:\/\/medna.de\/?page_id=12"},"modified":"2022-05-10T18:21:02","modified_gmt":"2022-05-10T18:21:02","slug":"datenschutz","status":"publish","type":"page","link":"https:\/\/medna.de\/?page_id=12","title":{"rendered":"Datenschutz"},"content":{"rendered":"\n<p>Diese Seite sammelt keine pers\u00f6nlichen Daten.<\/p>\n\n\n\n<p>Ich freue mich \u00fcber Kontaktaufnahme \u00fcber Telefon.<\/p>\n\n\n\n<p>Die in der medizinisch Praxis geltenden Datenschutzbestimmungen entnehmen Sie bitte dem Aushang in meiner Praxis.<\/p>\n","protected":false},"excerpt":{"rendered":"<p>Diese Seite sammelt keine pers\u00f6nlichen Daten. Ich freue mich \u00fcber Kontaktaufnahme \u00fcber Telefon. Die in der medizinisch Praxis geltenden Datenschutzbestimmungen entnehmen Sie bitte dem Aushang in meiner Praxis.<\/p>\n","protected":false},"author":1,"featured_media":0,"parent":0,"menu_order":0,"comment_status":"closed","ping_status":"closed","template":"full-width-page-template.php","meta":{"footnotes":""},"class_list":["post-12","page","type-page","status-publish","hentry"],"_links":{"self":[{"href":"https:\/\/medna.de\/index.php?rest_route=\/wp\/v2\/pages\/12","targetHints":{"allow":["GET"]}}],"collection":[{"href":"https:\/\/medna.de\/index.php?rest_route=\/wp\/v2\/pages"}],"about":[{"href":"https:\/\/medna.de\/index.php?rest_route=\/wp\/v2\/types\/page"}],"author":[{"embeddable":true,"href":"https:\/\/medna.de\/index.php?rest_route=\/wp\/v2\/users\/1"}],"replies":[{"embeddable":true,"href":"https:\/\/medna.de\/index.php?rest_route=%2Fwp%2Fv2%2Fcomments&post=12"}],"version-history":[{"count":3,"href":"https:\/\/medna.de\/index.php?rest_route=\/wp\/v2\/pages\/12\/revisions"}],"predecessor-version":[{"id":97,"href":"https:\/\/medna.de\/index.php?rest_route=\/wp\/v2\/pages\/12\/revisions\/97"}],"wp:attachment":[{"href":"https:\/\/medna.de\/index.php?rest_route=%2Fwp%2Fv2%2Fmedia&parent=12"}],"curies":[{"name":"wp","href":"https:\/\/api.w.org\/{rel}","templated":true}]}}