{"id":187,"date":"2022-05-10T12:57:25","date_gmt":"2022-05-10T12:57:25","guid":{"rendered":"https:\/\/medna.de\/?page_id=187"},"modified":"2022-05-10T18:21:01","modified_gmt":"2022-05-10T18:21:01","slug":"akupunktur-2","status":"publish","type":"page","link":"https:\/\/medna.de\/?page_id=187","title":{"rendered":"Akupunktur"},"content":{"rendered":"\n<div class=\"wp-block-image\"><figure class=\"alignright size-full is-resized\"><img loading=\"lazy\" decoding=\"async\" src=\"https:\/\/medna.de\/wp-content\/uploads\/2020\/01\/acupuncture-2956847_960_720.jpg\" alt=\"\" class=\"wp-image-142\" width=\"247\" height=\"372\"\/><\/figure><\/div>\n\n\n\n<p>Bei der Akupunktur werden sehr d\u00fcnne Nadeln an spezifischen Punkten entlang von Leitbahnen am K\u00f6rper platziert. Der Patient entspannt sich dabei auf einer Liege und ruht, w\u00e4hrend sich die heilsame Wirkung entfaltet. Diese chinesische Heilmethode hilft bei vielen Erkrankungen, bei denen herk\u00f6mmliche Methoden erfolglos blieben<\/p>\n\n\n\n<p>Oft merkt man bereits verbl\u00fcffend schnell, meist sogar nach der ersten Behandlung eine wohltuende, entspannungsf\u00f6rdernde und lindernde Wirkung.<\/p>\n\n\n\n<p>Anwendungsbereiche der Akupunktur sind z.B.:<\/p>\n\n\n\n<ul class=\"wp-block-list\"><li><a href=\"http:\/\/www.daegfa.de\/PatientenPortal\/Anwendungsgebiete.Heuschnupfen.aspx\">Heuschnupfen<\/a><\/li><li><a href=\"http:\/\/www.daegfa.de\/PatientenPortal\/Anwendungsgebiete.Kopfschmerzen.aspx\">Kopfschmerzen\/ Migr\u00e4ne<\/a><\/li><li><a href=\"http:\/\/www.daegfa.de\/PatientenPortal\/Anwendungsgebiete.Schlafstoerungen.aspx\">Schlafst\u00f6rungen<\/a><\/li><li><a href=\"http:\/\/www.daegfa.de\/PatientenPortal\/Anwendungsgebiete.Rueckenschmerzen.aspx\">R\u00fcckenschmerzen<\/a><\/li><li><a href=\"http:\/\/www.daegfa.de\/PatientenPortal\/Anwendungsgebiete.Ellenbogenschmerzen.aspx\">Ellenbogenschmerzen<\/a><\/li><li><a href=\"http:\/\/www.daegfa.de\/PatientenPortal\/Anwendungsgebiete.Schulter-Armschmerzen.aspx\">Myofasziale Schmerzen<\/a><\/li><li><a href=\"http:\/\/www.daegfa.de\/PatientenPortal\/Anwendungsgebiete.Schulter-Armschmerzen.aspx\">Schulter-Armschmerzen<\/a><\/li><\/ul>\n\n\n\n<p><strong>Wirkrichtungen Akupunktur:<\/strong><\/p>\n\n\n\n<div class=\"wp-block-group\"><div class=\"wp-block-group__inner-container is-layout-flow wp-block-group-is-layout-flow\">\n<ul class=\"wp-block-list\"><li>Schmerzlindernd<\/li><li>Muskeltonus regulierend<\/li><li>Immunmodulierend<\/li><li>Psycho-neuro-endokrine Wirkung<\/li><li>Abschwellend<\/li><li>Durchblutungsf\u00f6rdernd<\/li><li>Vegetativ regulierend<\/li><li>Psychisch ausgleichend<\/li><\/ul>\n<\/div><\/div>\n","protected":false},"excerpt":{"rendered":"<p>Bei der Akupunktur werden sehr d\u00fcnne Nadeln an spezifischen Punkten entlang von Leitbahnen am K\u00f6rper platziert. Der Patient entspannt sich dabei auf einer Liege und ruht, w\u00e4hrend sich die heilsame Wirkung entfaltet. Diese chinesische Heilmethode hilft bei vielen Erkrankungen, bei denen herk\u00f6mmliche Methoden erfolglos blieben Oft merkt man bereits verbl\u00fcffend schnell, meist sogar nach der [&hellip;]<\/p>\n","protected":false},"author":1,"featured_media":0,"parent":0,"menu_order":0,"comment_status":"closed","ping_status":"closed","template":"full-width-page-template.php","meta":{"footnotes":""},"class_list":["post-187","page","type-page","status-publish","hentry"],"_links":{"self":[{"href":"https:\/\/medna.de\/index.php?rest_route=\/wp\/v2\/pages\/187","targetHints":{"allow":["GET"]}}],"collection":[{"href":"https:\/\/medna.de\/index.php?rest_route=\/wp\/v2\/pages"}],"about":[{"href":"https:\/\/medna.de\/index.php?rest_route=\/wp\/v2\/types\/page"}],"author":[{"embeddable":true,"href":"https:\/\/medna.de\/index.php?rest_route=\/wp\/v2\/users\/1"}],"replies":[{"embeddable":true,"href":"https:\/\/medna.de\/index.php?rest_route=%2Fwp%2Fv2%2Fcomments&post=187"}],"version-history":[{"count":2,"href":"https:\/\/medna.de\/index.php?rest_route=\/wp\/v2\/pages\/187\/revisions"}],"predecessor-version":[{"id":191,"href":"https:\/\/medna.de\/index.php?rest_route=\/wp\/v2\/pages\/187\/revisions\/191"}],"wp:attachment":[{"href":"https:\/\/medna.de\/index.php?rest_route=%2Fwp%2Fv2%2Fmedia&parent=187"}],"curies":[{"name":"wp","href":"https:\/\/api.w.org\/{rel}","templated":true}]}}