{"id":196,"date":"2022-05-10T13:43:15","date_gmt":"2022-05-10T13:43:15","guid":{"rendered":"https:\/\/medna.de\/?page_id=196"},"modified":"2022-05-10T18:21:02","modified_gmt":"2022-05-10T18:21:02","slug":"bioidentische-hormontherapie-rimkus-therapie","status":"publish","type":"page","link":"https:\/\/medna.de\/?page_id=196","title":{"rendered":"Bioidentische Hormontherapie &#8211; Rimkus Therapie\u00ae"},"content":{"rendered":"\n<p>Therapie mit nat\u00fcrlichen humanidentischen Hormonen nach Dr. Rimkus. Die Gabe erfolgt nach Analyse des Hormonstatus  bei Beschwerden aufgrund Ungleichgewichten im Hormonhaushalt wie Endometriose, klimakterische und pr\u00e4menstruelle Smyptome u.v.m.<\/p>\n\n\n\n<h2 class=\"wp-block-heading\">Probleme mit den Wechseljahren?<\/h2>\n\n\n\n<p>Bereits zwischen dem 40. und 50. Lebensjahr nehmen die k\u00f6rpereigenen Hormone ab. Das ist die Zeit wo Herz Kreislauf Erkrankungen zunehmen, der Schlaf und Stimmung schlechter wird,  Gewicht steigt, Belastbarkeit und Merkf\u00e4higkeit nachlassen, Gelenke anfangen zu schmerzen und die Muskeln steifer werden. <\/p>\n\n\n\n<h3 class=\"wp-block-heading\">Nutzen Sie den Effekt der nat\u00fcrlichen, dem Menschen identischen Hormone, um lange &#8222;jung&#8220; zu bleiben.<\/h3>\n\n\n\n<p>Ohne die Nebenwirkungen der herk\u00f6mmlichen Hormonersatz Therapie (HET). Mit der Rimkus Therapie werden die unver\u00e4nderten k\u00f6rpereigenen Hormone ersetzt um den physiologischen Hormonspiegel wieder her zu stellen. Dies erkl\u00e4rt den positiven Effekt auf k\u00f6rperlicher und psychischer Ebene. <\/p>\n\n\n\n<p>Mehr Infos auf: www.hormon-netzwerk.de<\/p>\n\n\n\n<p><\/p>\n","protected":false},"excerpt":{"rendered":"<p>Therapie mit nat\u00fcrlichen humanidentischen Hormonen nach Dr. Rimkus. Die Gabe erfolgt nach Analyse des Hormonstatus bei Beschwerden aufgrund Ungleichgewichten im Hormonhaushalt wie Endometriose, klimakterische und pr\u00e4menstruelle Smyptome u.v.m. Probleme mit den Wechseljahren? Bereits zwischen dem 40. und 50. Lebensjahr nehmen die k\u00f6rpereigenen Hormone ab. Das ist die Zeit wo Herz Kreislauf Erkrankungen zunehmen, der Schlaf [&hellip;]<\/p>\n","protected":false},"author":1,"featured_media":0,"parent":0,"menu_order":0,"comment_status":"closed","ping_status":"closed","template":"full-width-page-template.php","meta":{"footnotes":""},"class_list":["post-196","page","type-page","status-publish","hentry"],"_links":{"self":[{"href":"https:\/\/medna.de\/index.php?rest_route=\/wp\/v2\/pages\/196","targetHints":{"allow":["GET"]}}],"collection":[{"href":"https:\/\/medna.de\/index.php?rest_route=\/wp\/v2\/pages"}],"about":[{"href":"https:\/\/medna.de\/index.php?rest_route=\/wp\/v2\/types\/page"}],"author":[{"embeddable":true,"href":"https:\/\/medna.de\/index.php?rest_route=\/wp\/v2\/users\/1"}],"replies":[{"embeddable":true,"href":"https:\/\/medna.de\/index.php?rest_route=%2Fwp%2Fv2%2Fcomments&post=196"}],"version-history":[{"count":4,"href":"https:\/\/medna.de\/index.php?rest_route=\/wp\/v2\/pages\/196\/revisions"}],"predecessor-version":[{"id":267,"href":"https:\/\/medna.de\/index.php?rest_route=\/wp\/v2\/pages\/196\/revisions\/267"}],"wp:attachment":[{"href":"https:\/\/medna.de\/index.php?rest_route=%2Fwp%2Fv2%2Fmedia&parent=196"}],"curies":[{"name":"wp","href":"https:\/\/api.w.org\/{rel}","templated":true}]}}