{"id":207,"date":"2022-05-10T17:06:00","date_gmt":"2022-05-10T17:06:00","guid":{"rendered":"https:\/\/medna.de\/?page_id=207"},"modified":"2025-11-20T14:47:38","modified_gmt":"2025-11-20T14:47:38","slug":"zelltraining-ihht","status":"publish","type":"page","link":"https:\/\/medna.de\/?page_id=207","title":{"rendered":"IHHT \/ IHT H\u00f6hentraining"},"content":{"rendered":"\n<h2 class=\"wp-block-heading\">Intervall Hypoxie Therapie<\/h2>\n\n\n\n<p class=\"has-text-align-center\">Mitochondrientherapie f\u00fcr gesunde Zellen<\/p>\n\n\n\n<p class=\"has-text-align-right\"><\/p>\n\n\n\n<p>Starke Zellen brauchen intakte Mitochondrien, um ausreichend Energie zu produzieren, gesund zu bleiben und Leistung zu erbringen &#8211; egal ob Leber- oder Muskelzelle. Und funktionierene Mitochondrien sind Voraussetzung, dass unser Immunsystem, Regeneration, Energiestoffwechsel, Enzymproduktion und vieles mehr funktioniert. Ein fehlender starker Energiestoffwechsel in den Zellen ist Grund f\u00fcr die Zellalterung. <\/p>\n\n\n\n<p>Mit der Intervall Hypoxie Normoxie Therapie (IHT) k\u00f6nnen die Mitochondrien direkt therapiert werden, sie nehmen wieder zu, regenerieren und erneuern sich. Die IHT simuliert den Effekt eines H\u00f6hentrainings in den Bergen. Es ist eine sichere und bew\u00e4hrte Behandlungsmethode. F\u00fcr einen optimalen Therapieeffekt sollte die Anwendung in ein Gesamtkonzept der Funktionellen Medizin eingebettet sein. Denn f\u00fcr den Aufbau der Mitochondrien m\u00fcssen ggf. St\u00f6rfaktoren ausgeleitet und fehlende Mikron\u00e4hrstoffe gegeben werden.<\/p>\n\n\n\n<p><\/p>\n\n\n\n<figure class=\"wp-block-image size-large\"><img loading=\"lazy\" decoding=\"async\" width=\"1024\" height=\"683\" src=\"https:\/\/medna.de\/wp-content\/uploads\/2022\/05\/AdobeStock_239657267-1024x683.jpeg\" alt=\"\" class=\"wp-image-212\" srcset=\"https:\/\/medna.de\/wp-content\/uploads\/2022\/05\/AdobeStock_239657267-1024x683.jpeg 1024w, https:\/\/medna.de\/wp-content\/uploads\/2022\/05\/AdobeStock_239657267-300x200.jpeg 300w, https:\/\/medna.de\/wp-content\/uploads\/2022\/05\/AdobeStock_239657267-768x513.jpeg 768w, https:\/\/medna.de\/wp-content\/uploads\/2022\/05\/AdobeStock_239657267-1536x1025.jpeg 1536w, https:\/\/medna.de\/wp-content\/uploads\/2022\/05\/AdobeStock_239657267-2048x1367.jpeg 2048w, https:\/\/medna.de\/wp-content\/uploads\/2022\/05\/AdobeStock_239657267-900x601.jpeg 900w, https:\/\/medna.de\/wp-content\/uploads\/2022\/05\/AdobeStock_239657267-1280x854.jpeg 1280w\" sizes=\"auto, (max-width: 1024px) 100vw, 1024px\" \/><\/figure>\n\n\n\n<p>Wieder frei durchatmen k\u00f6nnen, Mitochondrien st\u00e4rken, mehr Kraft haben.<\/p>\n\n\n\n<p>Sie profitieren von IHT bzw. Zelltraining bei folgenden Erkrankungen:<\/p>\n\n\n\n<ul class=\"wp-block-list\">\n<li>Bronchitis<\/li>\n\n\n\n<li>Asthma<\/li>\n\n\n\n<li>Metabolisches Syndrom, Adipositas, Diabetes<\/li>\n\n\n\n<li>Chronic Fatigue Syndrom &#8211; Chronischem Ersch\u00f6pfungssyndrom<\/li>\n\n\n\n<li>Long Covid, Post Covid<\/li>\n\n\n\n<li>Post Vac Syndrom<\/li>\n\n\n\n<li>Stress, Ersch\u00f6pfung und Burnout<\/li>\n\n\n\n<li>Herz- und Gef\u00e4\u00dferkrankungen<\/li>\n\n\n\n<li>Hauterkrankungen<\/li>\n\n\n\n<li>zum Anti Aging<\/li>\n<\/ul>\n\n\n\n<p>Auch geeignet zur Steigerung der Trainingsleistung bei Sportlern, da es das H\u00f6hentraining imitiert.<\/p>\n\n\n\n<p><strong>Therapie in Entspannung mit IHT H\u00f6hentherapie:<\/strong><\/p>\n\n\n\n<figure class=\"wp-block-image size-large\"><img loading=\"lazy\" decoding=\"async\" width=\"1024\" height=\"683\" src=\"https:\/\/medna.de\/wp-content\/uploads\/2022\/05\/Robin-Budniak-DSC05096-gut-1024x683.jpeg\" alt=\"\" class=\"wp-image-211\" srcset=\"https:\/\/medna.de\/wp-content\/uploads\/2022\/05\/Robin-Budniak-DSC05096-gut-1024x683.jpeg 1024w, https:\/\/medna.de\/wp-content\/uploads\/2022\/05\/Robin-Budniak-DSC05096-gut-300x200.jpeg 300w, https:\/\/medna.de\/wp-content\/uploads\/2022\/05\/Robin-Budniak-DSC05096-gut-768x512.jpeg 768w, https:\/\/medna.de\/wp-content\/uploads\/2022\/05\/Robin-Budniak-DSC05096-gut-1536x1024.jpeg 1536w, https:\/\/medna.de\/wp-content\/uploads\/2022\/05\/Robin-Budniak-DSC05096-gut-2048x1365.jpeg 2048w, https:\/\/medna.de\/wp-content\/uploads\/2022\/05\/Robin-Budniak-DSC05096-gut-900x600.jpeg 900w, https:\/\/medna.de\/wp-content\/uploads\/2022\/05\/Robin-Budniak-DSC05096-gut-1280x853.jpeg 1280w\" sizes=\"auto, (max-width: 1024px) 100vw, 1024px\" \/><\/figure>\n\n\n\n<h2 class=\"wp-block-heading\">Zu den wissenschaftlichen Hintergr\u00fcnden<\/h2>\n\n\n\n<p>Das Wirkprinzip erhielt 2019 den Nobelpreis f\u00fcr Medizin:<br>William G. Kaelin, Sir Peter Ratcliffe und Gregg L. Semenza entdeckten wie die Zellen des K\u00f6rpers Sauerstoff wahrnehmen und wie sie sich bei Ver\u00e4nderungen des Sauerstoffgehaltes daran anpassen.<\/p>\n\n\n\n<p>Gregg Semenza identifizierte das Protein das die sauerstoffabh\u00e4ngige Reaktion reguliert, HIF (Hypoxia Inducable Factor). Eine der Wirkungen von HIF ist die positive Wirkung auf EPO die Erythropoetinsynthese  in Niere und Leber. Dies wirkt sich positiv auf die Leistungsverbesserung aus, auf Herzkreislauf System, Atmungs- und Blutsystem.<\/p>\n\n\n\n<p><\/p>\n","protected":false},"excerpt":{"rendered":"<p>Intervall Hypoxie Therapie Mitochondrientherapie f\u00fcr gesunde Zellen Starke Zellen brauchen intakte Mitochondrien, um ausreichend Energie zu produzieren, gesund zu bleiben und Leistung zu erbringen &#8211; egal ob Leber- oder Muskelzelle. Und funktionierene Mitochondrien sind Voraussetzung, dass unser Immunsystem, Regeneration, Energiestoffwechsel, Enzymproduktion und vieles mehr funktioniert. Ein fehlender starker Energiestoffwechsel in den Zellen ist Grund f\u00fcr [&hellip;]<\/p>\n","protected":false},"author":1,"featured_media":0,"parent":0,"menu_order":0,"comment_status":"closed","ping_status":"closed","template":"full-width-page-template.php","meta":{"footnotes":""},"class_list":["post-207","page","type-page","status-publish","hentry"],"_links":{"self":[{"href":"https:\/\/medna.de\/index.php?rest_route=\/wp\/v2\/pages\/207","targetHints":{"allow":["GET"]}}],"collection":[{"href":"https:\/\/medna.de\/index.php?rest_route=\/wp\/v2\/pages"}],"about":[{"href":"https:\/\/medna.de\/index.php?rest_route=\/wp\/v2\/types\/page"}],"author":[{"embeddable":true,"href":"https:\/\/medna.de\/index.php?rest_route=\/wp\/v2\/users\/1"}],"replies":[{"embeddable":true,"href":"https:\/\/medna.de\/index.php?rest_route=%2Fwp%2Fv2%2Fcomments&post=207"}],"version-history":[{"count":15,"href":"https:\/\/medna.de\/index.php?rest_route=\/wp\/v2\/pages\/207\/revisions"}],"predecessor-version":[{"id":350,"href":"https:\/\/medna.de\/index.php?rest_route=\/wp\/v2\/pages\/207\/revisions\/350"}],"wp:attachment":[{"href":"https:\/\/medna.de\/index.php?rest_route=%2Fwp%2Fv2%2Fmedia&parent=207"}],"curies":[{"name":"wp","href":"https:\/\/api.w.org\/{rel}","templated":true}]}}