{"id":23,"date":"2018-10-02T17:57:30","date_gmt":"2018-10-02T17:57:30","guid":{"rendered":"http:\/\/medna.de\/?page_id=23"},"modified":"2023-04-01T09:53:01","modified_gmt":"2023-04-01T09:53:01","slug":"aromatherapie","status":"publish","type":"page","link":"https:\/\/medna.de\/?page_id=23","title":{"rendered":"Schwerpunkte"},"content":{"rendered":"\n<p class=\"has-large-font-size\"><strong>Schwerpunkte meiner Arbeit sind<\/strong><\/p>\n\n\n\n<ul class=\"wp-block-list\">\n<li>Beschwerden des Bewegungsapparates\/ Schmerzen<\/li>\n\n\n\n<li>Beschwerden durch Kiefer- und Kopfgelenksst\u00f6rungen wie Tinnitus, H\u00f6rst\u00f6rungen oder Schwindel, Kopfschmerzen u.v.m.<\/li>\n\n\n\n<li>St\u00f6rungen des Hormonstoffwechsels wie Schilddr\u00fcsenerkrankungen, Wechseljahre, PMS, Endometriose, Migr\u00e4ne<\/li>\n\n\n\n<li>Chronische Erkrankungen wie neurodegenerative, rheumatische, Stoffwechselerkrankungen<\/li>\n\n\n\n<li>Chronic Fatigue Syndrom bzw. Chronisches Ersch\u00f6pfungssyndrom<\/li>\n\n\n\n<li>Post Covid, Long Covid, Post Vac Syndrom<\/li>\n\n\n\n<li>Psychosomatische Erkrankungen<\/li>\n<\/ul>\n\n\n\n<p class=\"has-large-font-size\"><strong>Was mir wichtig ist<\/strong><\/p>\n\n\n\n<p><em>Selbstwirksamkeit<\/em>: <\/p>\n\n\n\n<p>Mir ist wichtig, Ihnen neben effektiven Behandlungsmethoden auch die Kompetenz und das Wissen zu vermitteln, selbst etwas f\u00fcr ihre Gesundheit tun zu k\u00f6nnen. <\/p>\n\n\n\n<p><em>Mein Weg in die  Ganzheitliche Medizin<\/em>:<\/p>\n\n\n\n<p>Schon in der Jugend besch\u00e4ftigte ich mich mit\nNaturheilkundlichen, komplement\u00e4ren Heilmethoden aus privatem Interesse und\nBedarf. So blieb auch im Medizinstudium mein Blick stets ganzheitlich und ich\nbildete mich fortlaufend in naturheilkundlichen und ganzheitlichen\nTherapiemethoden aus.<\/p>\n\n\n\n<p>Aus dieser Fortlaufenden Suche nach den Faktoren, die f\u00fcr die Gesundung wesentlich sind ergab sich eine Synthese aus Behandlung des K\u00f6rpers mit Myoreflextherapie, Ern\u00e4hrungsempfehlungen im Rahmen einer Funktionellen Medizin sowie Mitochondrienmedizin um die Grundlagen f\u00fcr die Regulationsm\u00f6glichkeit des K\u00f6rpers zu legen und der Beachtung der Psyche mit Gef\u00fchlen und Gedanken, die ebenfalls eine Basis und Fokus f\u00fcr die Heilung bieten.<\/p>\n\n\n\n<p><em>Der inneren Weisheit folgen<\/em>:<\/p>\n\n\n\n<p>Einem jeden von uns wohnt ein Wissen und eine Weisheit inne, die um die Wege zur Heilung weiss. Ich begleite Sie wieder Kontakt zu dieser innewohnenden Weisheit aufzunehmen.<\/p>\n\n\n\n<p><\/p>\n","protected":false},"excerpt":{"rendered":"<p>Schwerpunkte meiner Arbeit sind Was mir wichtig ist Selbstwirksamkeit: Mir ist wichtig, Ihnen neben effektiven Behandlungsmethoden auch die Kompetenz und das Wissen zu vermitteln, selbst etwas f\u00fcr ihre Gesundheit tun zu k\u00f6nnen. Mein Weg in die Ganzheitliche Medizin: Schon in der Jugend besch\u00e4ftigte ich mich mit Naturheilkundlichen, komplement\u00e4ren Heilmethoden aus privatem Interesse und Bedarf. So [&hellip;]<\/p>\n","protected":false},"author":1,"featured_media":0,"parent":0,"menu_order":0,"comment_status":"closed","ping_status":"closed","template":"full-width-page-template.php","meta":{"footnotes":""},"class_list":["post-23","page","type-page","status-publish","hentry"],"_links":{"self":[{"href":"https:\/\/medna.de\/index.php?rest_route=\/wp\/v2\/pages\/23","targetHints":{"allow":["GET"]}}],"collection":[{"href":"https:\/\/medna.de\/index.php?rest_route=\/wp\/v2\/pages"}],"about":[{"href":"https:\/\/medna.de\/index.php?rest_route=\/wp\/v2\/types\/page"}],"author":[{"embeddable":true,"href":"https:\/\/medna.de\/index.php?rest_route=\/wp\/v2\/users\/1"}],"replies":[{"embeddable":true,"href":"https:\/\/medna.de\/index.php?rest_route=%2Fwp%2Fv2%2Fcomments&post=23"}],"version-history":[{"count":10,"href":"https:\/\/medna.de\/index.php?rest_route=\/wp\/v2\/pages\/23\/revisions"}],"predecessor-version":[{"id":287,"href":"https:\/\/medna.de\/index.php?rest_route=\/wp\/v2\/pages\/23\/revisions\/287"}],"wp:attachment":[{"href":"https:\/\/medna.de\/index.php?rest_route=%2Fwp%2Fv2%2Fmedia&parent=23"}],"curies":[{"name":"wp","href":"https:\/\/api.w.org\/{rel}","templated":true}]}}