{"id":38,"date":"2018-10-06T05:32:01","date_gmt":"2018-10-06T05:32:01","guid":{"rendered":"http:\/\/medna.de\/?page_id=38"},"modified":"2023-04-01T10:06:16","modified_gmt":"2023-04-01T10:06:16","slug":"tanja-ohland-aerztin","status":"publish","type":"page","link":"https:\/\/medna.de\/?page_id=38","title":{"rendered":"Tanja Ohland"},"content":{"rendered":"<div class=\"wp-block-image\">\n<figure class=\"alignright size-full is-resized\"><img loading=\"lazy\" decoding=\"async\" src=\"https:\/\/medna.de\/wp-content\/uploads\/2023\/04\/2022-PB-1500-pass-1.jpg\" alt=\"\" class=\"wp-image-291\" width=\"234\" height=\"300\" srcset=\"https:\/\/medna.de\/wp-content\/uploads\/2023\/04\/2022-PB-1500-pass-1.jpg 413w, https:\/\/medna.de\/wp-content\/uploads\/2023\/04\/2022-PB-1500-pass-1-233x300.jpg 233w\" sizes=\"auto, (max-width: 234px) 100vw, 234px\" \/><\/figure>\n<\/div>\n\n\n<p><strong>\u00c4rztin mit naturheilkundlichem Schwerpunkt<\/strong><\/p>\n\n\n\n<p>Seit 2004 arbeite ich als \u00c4rztin mit ganzheitlichem Ansatz in dem Wunsch das Beste aus Naturheilkunde und Schulmedizin zu verbinden. <\/p>\n\n\n\n<p>W\u00e4hrend der Ausbildung zur Akupunktur, Kinsesiologie, Orthomolekularer Medizin und Transpersonaler Klangtherapie arbeitete ich zun\u00e4chst in der orthop\u00e4dischen Rehabilitation in \u00d6sterreich. Dort leitete ich die Forschungen zur Wirkung der Rehabilitation mit HRV Messungen und Blick auf die Chronobiolgie und sammelte Erfahrungen im Bereich ganzheitlicher Schmerztherapie. <\/p>\n\n\n\n<p>Es folgten Jahre in der Inneren Medizin w\u00e4hrend der Ausbildung zur Cellsymbiosistherapie und der ersten Erfahrungen im psychosomatischen Bereich. In dieser Zeit lernte ich auch die hawaiianische K\u00f6rperarbeit kennen.<\/p>\n\n\n\n<p>Seit 2010 arbeite ich in meiner eigenen Praxis mit ganzheitlichem Behandlungsansatz und dem Schwerpunkt der Behandlung von Schmerzen, chronischen Erkrankungen des Bewegungsapparates, chronisch entz\u00fcndlichen Erkrankungen und psychosomatischer Probleme. Bis 2020 war ich parallel zur eigenen Praxis in der Psychosomatischen Klinik Habichtswaldklinik Kassel Wilhelmsh\u00f6he als \u00c4rztin t\u00e4tig und in psychotherapeutischer Ausbildung. In dieser Zeit erfolgten auch die Ausbildungen zur Myoreflextherapie, Bioidentischen Hormontherapie und Transpersonalen Psychotherapie. Aktuell begeistert mich die Funktionelle Medizin und Mitochondriale Therapie, welche die jeweils neuesten Forschungsergebnisse mit einbezieht.<\/p>\n\n\n\n<p>Mein Ziel ist es das Beste f\u00fcr den jeweiligen Patientin ausfindig zu machen, verschiedene Professionen zu verbinden, um effektive Werkzeuge zur Genesung an die Hand zu geben und auf dem Heilungsweg optimal begleiten zu k\u00f6nnen. <\/p>\n\n\n\n<p><\/p>\n\n\n\n<p>Zusatzqualifikationen:<\/p>\n\n\n\n<ul class=\"wp-block-list\">\n<li>Akupunktur (D\u00c4GfA)<\/li>\n\n\n\n<li>Naturheilkunde<\/li>\n\n\n\n<li>Myoreflextherapie (Dr. Kurt Mosetter: www.myoreflextherapie.de)<\/li>\n\n\n\n<li>Hawaiianische K\u00f6rperarbeit (Harry Uhane Jim)<\/li>\n\n\n\n<li>Ern\u00e4hrungsmedizin<\/li>\n\n\n\n<li>Bioidentische Hormontherapie (Dr. Rimkus und Dr. Beck: www.hormon-netzwerk.de)<\/li>\n\n\n\n<li>Transpersonale Psychotherapie (Gertrude Croissier)<\/li>\n\n\n\n<li>Transpersonale Klangtherapie (Dr. K\u00f6lbl)<\/li>\n\n\n\n<li>Schmerzcoaching<\/li>\n\n\n\n<li>Innere Kind Arbeit nach IRRT (in IRRT Ausbildung)<\/li>\n<\/ul>\n\n\n\n<p><\/p>\n","protected":false},"excerpt":{"rendered":"<p>\u00c4rztin mit naturheilkundlichem Schwerpunkt Seit 2004 arbeite ich als \u00c4rztin mit ganzheitlichem Ansatz in dem Wunsch das Beste aus Naturheilkunde und Schulmedizin zu verbinden. W\u00e4hrend der Ausbildung zur Akupunktur, Kinsesiologie, Orthomolekularer Medizin und Transpersonaler Klangtherapie arbeitete ich zun\u00e4chst in der orthop\u00e4dischen Rehabilitation in \u00d6sterreich. Dort leitete ich die Forschungen zur Wirkung der Rehabilitation mit HRV [&hellip;]<\/p>\n","protected":false},"author":1,"featured_media":0,"parent":0,"menu_order":0,"comment_status":"closed","ping_status":"closed","template":"full-width-page-template.php","meta":{"footnotes":""},"class_list":["post-38","page","type-page","status-publish","hentry"],"_links":{"self":[{"href":"https:\/\/medna.de\/index.php?rest_route=\/wp\/v2\/pages\/38","targetHints":{"allow":["GET"]}}],"collection":[{"href":"https:\/\/medna.de\/index.php?rest_route=\/wp\/v2\/pages"}],"about":[{"href":"https:\/\/medna.de\/index.php?rest_route=\/wp\/v2\/types\/page"}],"author":[{"embeddable":true,"href":"https:\/\/medna.de\/index.php?rest_route=\/wp\/v2\/users\/1"}],"replies":[{"embeddable":true,"href":"https:\/\/medna.de\/index.php?rest_route=%2Fwp%2Fv2%2Fcomments&post=38"}],"version-history":[{"count":8,"href":"https:\/\/medna.de\/index.php?rest_route=\/wp\/v2\/pages\/38\/revisions"}],"predecessor-version":[{"id":292,"href":"https:\/\/medna.de\/index.php?rest_route=\/wp\/v2\/pages\/38\/revisions\/292"}],"wp:attachment":[{"href":"https:\/\/medna.de\/index.php?rest_route=%2Fwp%2Fv2%2Fmedia&parent=38"}],"curies":[{"name":"wp","href":"https:\/\/api.w.org\/{rel}","templated":true}]}}