{"id":42,"date":"2018-10-06T05:32:15","date_gmt":"2018-10-06T05:32:15","guid":{"rendered":"http:\/\/medna.de\/?page_id=42"},"modified":"2025-06-13T19:30:46","modified_gmt":"2025-06-13T19:30:46","slug":"infos","status":"publish","type":"page","link":"https:\/\/medna.de\/?page_id=42","title":{"rendered":"Kontakt"},"content":{"rendered":"\n<p>Praxis f\u00fcr nat\u00fcrliche Medizin<br>Tanja Ohland, \u00c4rztin<br>Bahnhofsweg 14<br>37284 Waldkappel (OT Bischhausen)<br><br>Tel: 05658 9227199<\/p>\n\n\n\n<p>Email: praxis(\u00e4t)medna.de<br><br><strong>Termine<\/strong> erfolgen nach individueller Vereinbarung.<\/p>\n\n\n\n<p>Ich w\u00fcnsche mir zum Auftakt des Kennenlernens einen pers\u00f6nlichen Kontakt mit Ihnen, daher m\u00f6chte ich Sie bitten zur Terminvereinbarung in der Praxis anzurufen.<\/p>\n\n\n\n<p>Ich spreche Deutsch und Englisch.<\/p>\n\n\n\n<p><strong>Abrechnung<\/strong>: Ich rechne nach der Geb\u00fchrenordnung f\u00fcr \u00c4rzte ab. Die Beihilfe, private Kassen und manche Zusatzversicherungen \u00fcbernehmen die Kosten. Bitte kontaktieren Sie ihre Kasse bei Fragen der Kosten\u00fcbernahme.<br><\/p>\n\n\n\n<p><br><\/p>\n","protected":false},"excerpt":{"rendered":"<p>Praxis f\u00fcr nat\u00fcrliche MedizinTanja Ohland, \u00c4rztinBahnhofsweg 1437284 Waldkappel (OT Bischhausen) Tel: 05658 9227199 Email: praxis(\u00e4t)medna.de Termine erfolgen nach individueller Vereinbarung. Ich w\u00fcnsche mir zum Auftakt des Kennenlernens einen pers\u00f6nlichen Kontakt mit Ihnen, daher m\u00f6chte ich Sie bitten zur Terminvereinbarung in der Praxis anzurufen. Ich spreche Deutsch und Englisch. Abrechnung: Ich rechne nach der Geb\u00fchrenordnung f\u00fcr [&hellip;]<\/p>\n","protected":false},"author":1,"featured_media":0,"parent":0,"menu_order":0,"comment_status":"closed","ping_status":"closed","template":"full-width-page-template.php","meta":{"footnotes":""},"class_list":["post-42","page","type-page","status-publish","hentry"],"_links":{"self":[{"href":"https:\/\/medna.de\/index.php?rest_route=\/wp\/v2\/pages\/42","targetHints":{"allow":["GET"]}}],"collection":[{"href":"https:\/\/medna.de\/index.php?rest_route=\/wp\/v2\/pages"}],"about":[{"href":"https:\/\/medna.de\/index.php?rest_route=\/wp\/v2\/types\/page"}],"author":[{"embeddable":true,"href":"https:\/\/medna.de\/index.php?rest_route=\/wp\/v2\/users\/1"}],"replies":[{"embeddable":true,"href":"https:\/\/medna.de\/index.php?rest_route=%2Fwp%2Fv2%2Fcomments&post=42"}],"version-history":[{"count":13,"href":"https:\/\/medna.de\/index.php?rest_route=\/wp\/v2\/pages\/42\/revisions"}],"predecessor-version":[{"id":312,"href":"https:\/\/medna.de\/index.php?rest_route=\/wp\/v2\/pages\/42\/revisions\/312"}],"wp:attachment":[{"href":"https:\/\/medna.de\/index.php?rest_route=%2Fwp%2Fv2%2Fmedia&parent=42"}],"curies":[{"name":"wp","href":"https:\/\/api.w.org\/{rel}","templated":true}]}}