{"id":54,"date":"2018-10-06T05:36:39","date_gmt":"2018-10-06T05:36:39","guid":{"rendered":"http:\/\/medna.de\/?page_id=54"},"modified":"2025-11-20T14:54:03","modified_gmt":"2025-11-20T14:54:03","slug":"infos-2","status":"publish","type":"page","link":"https:\/\/medna.de\/?page_id=54","title":{"rendered":"Aktuelles"},"content":{"rendered":"\n<h2 class=\"wp-block-heading\">Klangabend &#8211; Transpersonale Klangtherapie   <\/h2>\n\n\n\n<h4 class=\"wp-block-heading\">Termin: Donnerstag, 18.04.2024 um 18 Uhr bis ca. 19:30 oder 20 Uhr. <br>Nur mit Anmeldung, da die Teilnehmerzahl begrenzt ist.<\/h4>\n\n\n\n<p>Einblick in die Transpersonale Klangtherapie<\/p>\n\n\n\n<p>Klangerleben &#8222;Inneren Heiler aktivieren&#8220;<\/p>\n\n\n\n<p><\/p>\n\n\n\n<p>Anmeldung unter: praxis@medna.de oder 0151 50534209<\/p>\n\n\n\n<p><\/p>\n\n\n\n<p><\/p>\n\n\n\n<p><\/p>\n\n\n\n<p><\/p>\n\n\n\n<h2 class=\"wp-block-heading\">Vortragsaufzeichnung: &#8222;\u00c4therische \u00d6le f\u00fcr das Immunsystem&#8220;<\/h2>\n\n\n\n<p><a href=\"https:\/\/www.zfn.de\/veranstaltungen\/online-ohland-aetherische-oele-fuer-das-immunsystem-innerliche-und-aeusserliche-anwendung-fi-f-19488-detail\">https:\/\/www.zfn.de\/veranstaltungen\/online-ohland-aetherische-oele-fuer-das-immunsystem-innerliche-und-aeusserliche-anwendung-fi-f-19488-detail<\/a><\/p>\n\n\n\n<p>\u00c4therische \u00d6le in \u00d6l Mischungen &#8211; Wirkung und Anwendung f\u00fcr Immunsystem, Schmerz und Psyche \u00c4therische \u00d6le sind die Essenz der Pflanze, je nach Pflanze und Reinheit der Destillation hochwertige Lebens- und Heilmittel. In den letzten Jahren mehrten sich die Studien zur ph\u00e4nomenalen Wirkweise auf unser Immunsystem und im antimikrobiellen Bereich. Selbst bei chronischen Infekten und Multiresistenzen zeigt sich Wirkung. Einige besondere \u00e4therische \u00d6le werden in ihrer Wirkung sowohl auf den K\u00f6rper als auch im psychischen Bereich vorgestellt. In der Regulierung des Immunsystems entfalten sie eine besondere Synergie als Mischung.<br>Ein Ausflug in das Wesen und Wirken der Pflanzenessenzen.<br><\/p>\n\n\n\n<p>Kostenfreier Firmenvortrag Ohland Naturmedizin GmbH beim Zentrum f\u00fcr Naturheilkunde (zfn) M\u00fcnchen<br>Referentin: Tanja Ohland, \u00c4rztin<br>Praxis f\u00fcr nat\u00fcrliche Medizin, www.medna.de<\/p>\n\n\n\n<p><\/p>\n\n\n\n<p><\/p>\n","protected":false},"excerpt":{"rendered":"<p>Klangabend &#8211; Transpersonale Klangtherapie Termin: Donnerstag, 18.04.2024 um 18 Uhr bis ca. 19:30 oder 20 Uhr. Nur mit Anmeldung, da die Teilnehmerzahl begrenzt ist. Einblick in die Transpersonale Klangtherapie Klangerleben &#8222;Inneren Heiler aktivieren&#8220; Anmeldung unter: praxis@medna.de oder 0151 50534209 Vortragsaufzeichnung: &#8222;\u00c4therische \u00d6le f\u00fcr das Immunsystem&#8220; https:\/\/www.zfn.de\/veranstaltungen\/online-ohland-aetherische-oele-fuer-das-immunsystem-innerliche-und-aeusserliche-anwendung-fi-f-19488-detail \u00c4therische \u00d6le in \u00d6l Mischungen &#8211; Wirkung und Anwendung [&hellip;]<\/p>\n","protected":false},"author":1,"featured_media":0,"parent":0,"menu_order":0,"comment_status":"closed","ping_status":"closed","template":"full-width-page-template.php","meta":{"footnotes":""},"class_list":["post-54","page","type-page","status-publish","hentry"],"_links":{"self":[{"href":"https:\/\/medna.de\/index.php?rest_route=\/wp\/v2\/pages\/54","targetHints":{"allow":["GET"]}}],"collection":[{"href":"https:\/\/medna.de\/index.php?rest_route=\/wp\/v2\/pages"}],"about":[{"href":"https:\/\/medna.de\/index.php?rest_route=\/wp\/v2\/types\/page"}],"author":[{"embeddable":true,"href":"https:\/\/medna.de\/index.php?rest_route=\/wp\/v2\/users\/1"}],"replies":[{"embeddable":true,"href":"https:\/\/medna.de\/index.php?rest_route=%2Fwp%2Fv2%2Fcomments&post=54"}],"version-history":[{"count":15,"href":"https:\/\/medna.de\/index.php?rest_route=\/wp\/v2\/pages\/54\/revisions"}],"predecessor-version":[{"id":354,"href":"https:\/\/medna.de\/index.php?rest_route=\/wp\/v2\/pages\/54\/revisions\/354"}],"wp:attachment":[{"href":"https:\/\/medna.de\/index.php?rest_route=%2Fwp%2Fv2%2Fmedia&parent=54"}],"curies":[{"name":"wp","href":"https:\/\/api.w.org\/{rel}","templated":true}]}}