{"id":84,"date":"2019-02-04T15:33:55","date_gmt":"2019-02-04T15:33:55","guid":{"rendered":"http:\/\/medna.de\/?page_id=84"},"modified":"2026-03-17T16:51:59","modified_gmt":"2026-03-17T16:51:59","slug":"praxisprofil","status":"publish","type":"page","link":"https:\/\/medna.de\/","title":{"rendered":"Praxis f\u00fcr nat\u00fcrliche Medizin"},"content":{"rendered":"\n<p>Mein Ziel ist Ihre Gesundheit. Das hei\u00dft neben einem Angebot effektiver Behandlungsans\u00e4tze auch die Vermittlung von Wissen f\u00fcr ihre eigene Handlungskompetenz und damit die St\u00e4rkung der Selbstheilungskr\u00e4fte. Als \u00c4rztin verbinde ich in einer integrativen Medizin das schulmedizinische Wissen mit Naturheilkunde, komplement\u00e4ren und traditionellen Heilmethoden. Mein Blick auf Gesundheit ist immer auch mit dem Zusammenspiel von K\u00f6rper und Psyche verbunden, die sich stets gegenseitig beeinflussen. Man k\u00f6nnte dies auch eine beseelte Medizin nennen.<\/p>\n\n\n\n<p>Unter nat\u00fcrlicher Medizin verstehe ich einerseits die Naturheilkunde und andererseits zu unserer urspr\u00fcnglichen Natur mir ihren Rhythmen, Bed\u00fcrfnissen und dem Wissen um Heilung zur\u00fcckzukehren. Eingeschlossen sind auch Heilmethoden, die den Prinzipien der Natur abgeschaut sind. Dazu geh\u00f6ren neben Ern\u00e4hrung, Nahrungserg\u00e4nzung, TCM, Akupunktur und Myoreflextherapie auch HFT mit Naturschall, ein Skalarwellenger\u00e4t und Zelltraining mit IHHT.<\/p>\n\n\n\n<p>Ich nehme mir Zeit Ihnen zuzuh\u00f6ren und freue mich auf ein Kennenlernen.<\/p>\n\n\n\n<p>Tanja Ohland<\/p>\n\n\n\n<p><\/p>\n\n\n\n<h2 class=\"wp-block-heading\"><\/h2>\n\n\n\n<p><\/p>\n","protected":false},"excerpt":{"rendered":"<p>Mein Ziel ist Ihre Gesundheit. Das hei\u00dft neben einem Angebot effektiver Behandlungsans\u00e4tze auch die Vermittlung von Wissen f\u00fcr ihre eigene Handlungskompetenz und damit die St\u00e4rkung der Selbstheilungskr\u00e4fte. Als \u00c4rztin verbinde ich in einer integrativen Medizin das schulmedizinische Wissen mit Naturheilkunde, komplement\u00e4ren und traditionellen Heilmethoden. Mein Blick auf Gesundheit ist immer auch mit dem Zusammenspiel von [&hellip;]<\/p>\n","protected":false},"author":1,"featured_media":0,"parent":0,"menu_order":0,"comment_status":"closed","ping_status":"closed","template":"full-width-page-template.php","meta":{"footnotes":""},"class_list":["post-84","page","type-page","status-publish","hentry"],"_links":{"self":[{"href":"https:\/\/medna.de\/index.php?rest_route=\/wp\/v2\/pages\/84","targetHints":{"allow":["GET"]}}],"collection":[{"href":"https:\/\/medna.de\/index.php?rest_route=\/wp\/v2\/pages"}],"about":[{"href":"https:\/\/medna.de\/index.php?rest_route=\/wp\/v2\/types\/page"}],"author":[{"embeddable":true,"href":"https:\/\/medna.de\/index.php?rest_route=\/wp\/v2\/users\/1"}],"replies":[{"embeddable":true,"href":"https:\/\/medna.de\/index.php?rest_route=%2Fwp%2Fv2%2Fcomments&post=84"}],"version-history":[{"count":22,"href":"https:\/\/medna.de\/index.php?rest_route=\/wp\/v2\/pages\/84\/revisions"}],"predecessor-version":[{"id":361,"href":"https:\/\/medna.de\/index.php?rest_route=\/wp\/v2\/pages\/84\/revisions\/361"}],"wp:attachment":[{"href":"https:\/\/medna.de\/index.php?rest_route=%2Fwp%2Fv2%2Fmedia&parent=84"}],"curies":[{"name":"wp","href":"https:\/\/api.w.org\/{rel}","templated":true}]}}